{"id":363,"date":"2021-03-09T03:02:06","date_gmt":"2021-03-09T03:02:06","guid":{"rendered":"https:\/\/www.autosaversystem.com\/installation\/"},"modified":"2021-03-09T16:15:38","modified_gmt":"2021-03-09T21:15:38","slug":"installation","status":"publish","type":"page","link":"https:\/\/www.theautosaversystem.com\/fr\/installation\/","title":{"rendered":""},"content":{"rendered":"<div class=\"vce-row-container\"><div class=\"vce-row vce-row--col-gap-30 vce-row-equal-height vce-row-content--middle\" data-vce-full-width=\"true\" data-vce-stretch-content=\"true\" id=\"el-fa330b89\" data-vce-do-apply=\"all el-fa330b89\"><div class=\"vce-content-background-container\"><\/div><div class=\"vce-row-content\" data-vce-element-content=\"true\"><div class=\"vce-col vce-col--xs-17-74p vce-col--all-first\" id=\"el-974aec4b\"><div class=\"vce-col-inner\" data-vce-do-apply=\"border margin background  el-974aec4b\"><div class=\"vce-col-content\" data-vce-element-content=\"true\" data-vce-do-apply=\"padding el-974aec4b\"><\/div><\/div><\/div><div class=\"vce-col vce-col--xs-39-36p\" id=\"el-8d1325ca\"><div class=\"vce-col-inner\" data-vce-do-apply=\"border margin background  el-8d1325ca\"><div class=\"vce-col-content\" data-vce-element-content=\"true\" data-vce-do-apply=\"padding el-8d1325ca\"><div class=\"vce-text-block\"><div class=\"vce-text-block-wrapper vce\" id=\"el-704fdef4\" data-vce-do-apply=\"all el-704fdef4\"><h2 class=\"p1\" style=\"margin-bottom: 0px; font-variant-numeric: normal; font-variant-east-asian: normal; font-stretch: normal; font-size: 35px; line-height: normal; font-family: Oswald; color: #010516;\"><span style=\"color: #01061c; font-family: Oswald;\"><span style=\"font-size: 35px;\"><strong>Installing The Auto Saver System<\/strong><\/span><\/span><\/h2><\/div><\/div><\/div><\/div><\/div><div class=\"vce-col vce-col--xs-26-22p\" id=\"el-d48cecc2\"><div class=\"vce-col-inner\" data-vce-do-apply=\"border margin background  el-d48cecc2\"><div class=\"vce-col-content\" data-vce-element-content=\"true\" data-vce-do-apply=\"padding el-d48cecc2\"><\/div><\/div><\/div><div class=\"vce-col vce-col--xs-16-66p vce-col--all-last\" id=\"el-dfbebd9e\"><div class=\"vce-col-inner\" data-vce-do-apply=\"border margin background  el-dfbebd9e\"><div class=\"vce-col-content\" data-vce-element-content=\"true\" data-vce-do-apply=\"padding el-dfbebd9e\"><\/div><\/div><\/div><\/div><\/div><\/div><div class=\"vce-row-container\"><div class=\"vce-row vce-row--col-gap-30 vce-row-content--top vcv-state--show-resizer\" data-vce-full-width=\"true\" data-vce-stretch-content=\"true\" id=\"el-8ea65231\" data-vce-do-apply=\"all el-8ea65231\"><div class=\"vce-content-background-container\"><\/div><div class=\"vce-row-content\" data-vce-element-content=\"true\"><div class=\"vce-col vce-col--xs-hide vce-col--xs-first vce-col--sm-hide vce-col--sm-first vce-col--md-10p vce-col--md-visible vce-col--md-first vce-col--lg-10p vce-col--lg-visible vce-col--lg-first vce-col--xl-15p vce-col--xl-visible vce-col--xl-first\" id=\"el-903ba7d2\"><div class=\"vce-col-inner\" data-vce-do-apply=\"border margin background  el-903ba7d2\"><div class=\"vce-col-content\" data-vce-element-content=\"true\" data-vce-do-apply=\"padding el-903ba7d2\"><\/div><\/div><\/div><div class=\"vce-col vce-col--xs-100p vce-col--xs-visible vce-col--xs-last vce-col--sm-100p vce-col--sm-visible vce-col--sm-last vce-col--md-80p vce-col--md-visible vce-col--lg-80p vce-col--lg-visible vce-col--xl-68-02p vce-col--xl-visible\" id=\"el-4134d79f\"><div class=\"vce-col-inner\" data-vce-do-apply=\"border margin background  el-4134d79f\"><div class=\"vce-col-content\" data-vce-element-content=\"true\" data-vce-do-apply=\"padding el-4134d79f\"><div class=\"vce-text-block\"><div class=\"vce-text-block-wrapper vce\" id=\"el-6420f97e\" data-vce-do-apply=\"all el-6420f97e\"><p>Before starting, a basic understanding of the electrical system of the vehicle is required. We recommend this system be installed by a qualified automotive technician.<\/p><\/div><\/div><div class=\"vce-text-block\"><div class=\"vce-text-block-wrapper vce\" id=\"el-6dfd18bf\" data-vce-do-apply=\"all el-6dfd18bf\"><h2>Votre trousse comprend l\u2019\u00e9quipement suivant:<\/h2>\n<ul>\n<li>1 - Anti Corrosion Module<\/li>\n<li>1 - Wiring Harness<\/li>\n<li>2 - 3\/8\" Ring Terminal<\/li>\n<li>2 - 1\/4\" Ring Terminal<\/li>\n<li>2 - Self Tapping Grounding Screw<\/li>\n<li>2 - 1\/4\" Toothed Lock Washers<\/li>\n<li>4 - Heavy Duty Tie Wraps<\/li>\n<\/ul><\/div><\/div><div class=\"vce-text-block\"><div class=\"vce-text-block-wrapper vce\" id=\"el-3467d16d\" data-vce-do-apply=\"all el-3467d16d\"><h2>Installation<\/h2>\n<ol>\n<li>Disconnect the battery.<\/li>\n<li>Locate a raceway to which to fasten the module using heavy-duty tie wraps. Be sure to keep the module away from the exhaust manifold or any other hot or moving components.<\/li>\n<li>Ensuring that the white connector on the wiring harness will reach the white connector on the module, run the green wire on the wiring harness and using the 3\/8\" ring terminal connect it to the negative battery terminal or a grounded surface.<\/li>\n<li>Connect the red power wire directly to the positive terminal of the vehicles +12 volt battery using the 3\/8\" ring terminal. Be sure to avoid positioning wires too close to hot or moving components that may melt or pinch the wire and cause a short.<\/li>\n<li>The two grey wires on the wire harness must be secured to any sheet metal surface on a grounded body panel. To ensure best results each grey wire should be connected at opposite ends of the engine compartment as far away from the battery as possible. Crimp the 1\/4\" ring terminals to the wires and connect to the sheet metal using the self-tapping screws and toothed lock washer. Make sure that when you tighten the screw the teeth on the washer penetrate through the paint. If connecting to the metal surface using existing bolts please ensure that they are properly grounded and that the toothed washer is used as directed.<\/li>\n<li>For \"Pick-Up\" Trucks: Be sure that the box or load area is part of the vehicle's grounding system. If not, attach a grounding strap from the underside of the box to the vehicle's grounding system.<\/li>\n<li>Reconnect the battery and connect the harness to the module. The green power LED will go on for up to 5 seconds confirming that the power from the battery is flowing through the unit. The red LED will stay on continuously (in fact the electronic cycle is so fast the LED does not have time to dim) confirming that you have properly grounded the grey wires.<\/li>\n<li>If the LEDs do not light, check that the unit has been properly connected to the battery and the grey wires are properly grounded. The module will not power up if the battery's charge is below 10.3 volts. If after checking the connections and the voltage the LEDs still do not light, then replace the module.<\/li>\n<li>Secure the wiring using the tie wraps or use a split loom to ensure a professional looking installation.<\/li>\n<\/ol>\n<p>L'installation est termin\u00e9e et le Syst\u00e8me Auto Saver est maintenant op\u00e9rationnel.<\/p><\/div><\/div><\/div><\/div><\/div><div class=\"vce-col vce-col--xs-hide vce-col--xs-first vce-col--sm-hide vce-col--sm-first vce-col--md-10p vce-col--md-visible vce-col--md-last vce-col--lg-10p vce-col--lg-visible vce-col--lg-last vce-col--xl-16-98p vce-col--xl-visible vce-col--xl-last\" id=\"el-4a3459fb\"><div class=\"vce-col-inner\" data-vce-do-apply=\"border margin background  el-4a3459fb\"><div class=\"vce-col-content\" data-vce-element-content=\"true\" data-vce-do-apply=\"padding el-4a3459fb\"><\/div><\/div><\/div><\/div><\/div><\/div>\n","protected":false},"excerpt":{"rendered":"<p>Installing The Auto Saver SystemBefore starting, a basic understanding of the electrical system of the vehicle is required. We recommend this system be installed by a qualified automotive technician.Votre trousse comprend l\u2019\u00e9quipement suivant: 1 &#8211; Anti Corrosion Module 1 &#8211; Wiring Harness 2 &#8211; 3\/8&Prime; Ring Terminal 2 &#8211; 1\/4&Prime; Ring Terminal 2 &#8211; Self [&hellip;]<\/p>\n","protected":false},"author":0,"featured_media":0,"parent":0,"menu_order":0,"comment_status":"closed","ping_status":"closed","template":"","meta":{"footnotes":""},"class_list":["post-363","page","type-page","status-publish","hentry"],"_links":{"self":[{"href":"https:\/\/www.theautosaversystem.com\/fr\/wp-json\/wp\/v2\/pages\/363","targetHints":{"allow":["GET"]}}],"collection":[{"href":"https:\/\/www.theautosaversystem.com\/fr\/wp-json\/wp\/v2\/pages"}],"about":[{"href":"https:\/\/www.theautosaversystem.com\/fr\/wp-json\/wp\/v2\/types\/page"}],"replies":[{"embeddable":true,"href":"https:\/\/www.theautosaversystem.com\/fr\/wp-json\/wp\/v2\/comments?post=363"}],"version-history":[{"count":0,"href":"https:\/\/www.theautosaversystem.com\/fr\/wp-json\/wp\/v2\/pages\/363\/revisions"}],"wp:attachment":[{"href":"https:\/\/www.theautosaversystem.com\/fr\/wp-json\/wp\/v2\/media?parent=363"}],"curies":[{"name":"wp","href":"https:\/\/api.w.org\/{rel}","templated":true}]}}