{"id":364,"date":"2021-03-09T03:01:47","date_gmt":"2021-03-09T03:01:47","guid":{"rendered":"https:\/\/www.autosaversystem.com\/product-history\/"},"modified":"2021-03-09T16:16:31","modified_gmt":"2021-03-09T21:16:31","slug":"historique","status":"publish","type":"page","link":"https:\/\/www.theautosaversystem.com\/fr\/historique\/","title":{"rendered":""},"content":{"rendered":"<div class=\"vce-row-container\"><div class=\"vce-row vce-row--col-gap-30 vce-row-equal-height vce-row-content--middle\" data-vce-full-width=\"true\" data-vce-stretch-content=\"true\" id=\"el-e84466fa\" data-vce-do-apply=\"all el-e84466fa\"><div class=\"vce-content-background-container\"><\/div><div class=\"vce-row-content\" data-vce-element-content=\"true\"><div class=\"vce-col vce-col--xs-17-74p vce-col--all-first\" id=\"el-fef213cd\"><div class=\"vce-col-inner\" data-vce-do-apply=\"border margin background  el-fef213cd\"><div class=\"vce-col-content\" data-vce-element-content=\"true\" data-vce-do-apply=\"padding el-fef213cd\"><\/div><\/div><\/div><div class=\"vce-col vce-col--xs-39-36p\" id=\"el-42eff0a6\"><div class=\"vce-col-inner\" data-vce-do-apply=\"border margin background  el-42eff0a6\"><div class=\"vce-col-content\" data-vce-element-content=\"true\" data-vce-do-apply=\"padding el-42eff0a6\"><div class=\"vce-text-block\"><div class=\"vce-text-block-wrapper vce\" id=\"el-fcb9aae4\" data-vce-do-apply=\"all el-fcb9aae4\"><h2 class=\"p1\" style=\"margin-bottom: 0px; font-variant-numeric: normal; font-variant-east-asian: normal; font-stretch: normal; font-size: 35px; line-height: normal; font-family: Oswald; color: #010516;\"><span style=\"color: #01061c; font-family: Oswald;\"><span style=\"font-size: 35px;\"><strong>Historique<\/strong><\/span><\/span><\/h2><\/div><\/div><\/div><\/div><\/div><div class=\"vce-col vce-col--xs-26-22p\" id=\"el-64fff3bc\"><div class=\"vce-col-inner\" data-vce-do-apply=\"border margin background  el-64fff3bc\"><div class=\"vce-col-content\" data-vce-element-content=\"true\" data-vce-do-apply=\"padding el-64fff3bc\"><\/div><\/div><\/div><div class=\"vce-col vce-col--xs-16-66p vce-col--all-last\" id=\"el-3682947a\"><div class=\"vce-col-inner\" data-vce-do-apply=\"border margin background  el-3682947a\"><div class=\"vce-col-content\" data-vce-element-content=\"true\" data-vce-do-apply=\"padding el-3682947a\"><\/div><\/div><\/div><\/div><\/div><\/div><div class=\"vce-row-container\"><div class=\"vce-row vce-row--col-gap-30 vce-row-content--top vcv-state--show-resizer\" data-vce-full-width=\"true\" data-vce-stretch-content=\"true\" id=\"el-6745106c\" data-vce-do-apply=\"all el-6745106c\"><div class=\"vce-content-background-container\"><\/div><div class=\"vce-row-content\" data-vce-element-content=\"true\"><div class=\"vce-col vce-col--xs-hide vce-col--xs-first vce-col--sm-hide vce-col--sm-first vce-col--md-10p vce-col--md-visible vce-col--md-first vce-col--lg-10p vce-col--lg-visible vce-col--lg-first vce-col--xl-15p vce-col--xl-visible vce-col--xl-first\" id=\"el-9ccc4258\"><div class=\"vce-col-inner\" data-vce-do-apply=\"border margin background  el-9ccc4258\"><div class=\"vce-col-content\" data-vce-element-content=\"true\" data-vce-do-apply=\"padding el-9ccc4258\"><\/div><\/div><\/div><div class=\"vce-col vce-col--xs-100p vce-col--xs-visible vce-col--xs-last vce-col--sm-100p vce-col--sm-visible vce-col--sm-last vce-col--md-80p vce-col--md-visible vce-col--lg-80p vce-col--lg-visible vce-col--xl-68-02p vce-col--xl-visible\" id=\"el-79f9ec04\"><div class=\"vce-col-inner\" data-vce-do-apply=\"border margin background  el-79f9ec04\"><div class=\"vce-col-content\" data-vce-element-content=\"true\" data-vce-do-apply=\"padding el-79f9ec04\"><div class=\"vce-text-block\"><div class=\"vce-text-block-wrapper vce\" id=\"el-64cf3903\" data-vce-do-apply=\"all el-64cf3903\"><p>Les hommes de science et les ing\u00e9nieurs, qui cherchaient \u00e0 prolonger la dur\u00e9e des mat\u00e9riaux ferreux, surtout dans les navires de mer, ont mis au point une protection anticorrosion par syst\u00e8me duplex. Cette technologie emp\u00eachait l'ionisation (la rouille) par des rev\u00eatements, la galvanisation et le courant impos\u00e9. Elle visait essentiellement \u00e0 mettre un frein \u00e0 la r\u00e9action \u00e9lectrochimique imm\u00e9diate entre le fer et l'humidit\u00e9.<\/p>\n<p>Les r\u00e9sultats ont \u00e9t\u00e9 spectaculaires. En rev\u00eatant le mat\u00e9riel et en lui fournissant des \u00e9lectrons libres pour le prot\u00e9ger, on avait r\u00e9ussi \u00e0 retarder la formation de rouille. Les syst\u00e8mes modernes de protection \u00e9lectronique contre la corrosion ont aujourd'hui une foule d'applications, depuis les ponts jusqu'aux centrales nucl\u00e9aires. Le milieu scientifique continue de trouver des usages \u00e0 cette technologie et \u00e0 l'am\u00e9liorer. Le Syst\u00e8me Auto Saver est une application \u00e9prouv\u00e9e de cette technologie.<\/p><\/div><\/div><div class=\"vce-single-image-container vce-single-image--align-center\"><div class=\"vce vce-single-image-wrapper\" id=\"el-2e309f2f\" data-vce-do-apply=\"all el-2e309f2f\"><figure><div class=\"vce-single-image-inner vce-single-image--absolute\" style=\"padding-bottom: 66.6667%; width: 750px;\"><img loading=\"lazy\" decoding=\"async\" class=\"vce-single-image\" width=\"750\" height=\"500\" src=\"https:\/\/www.theautosaversystem.com\/wp-content\/uploads\/2021\/03\/thumbnail_new-unit1-750x500.jpg\" srcset=\"https:\/\/www.theautosaversystem.com\/wp-content\/uploads\/2021\/03\/thumbnail_new-unit1-320x213.jpg 320w,https:\/\/www.theautosaversystem.com\/wp-content\/uploads\/2021\/03\/thumbnail_new-unit1-480x320.jpg 480w,https:\/\/www.theautosaversystem.com\/wp-content\/uploads\/2021\/03\/thumbnail_new-unit1-750x500.jpg 750w\" data-img-src=\"https:\/\/www.theautosaversystem.com\/wp-content\/uploads\/2021\/02\/thumbnail_new-unit1.jpg\" alt=\"\" title=\"thumbnail_new unit1\" \/><\/div><figcaption hidden=\"\"><\/figcaption><\/figure><\/div><\/div><\/div><\/div><\/div><div class=\"vce-col vce-col--xs-hide vce-col--xs-first vce-col--sm-hide vce-col--sm-first vce-col--md-10p vce-col--md-visible vce-col--md-last vce-col--lg-10p vce-col--lg-visible vce-col--lg-last vce-col--xl-16-98p vce-col--xl-visible vce-col--xl-last\" id=\"el-df872302\"><div class=\"vce-col-inner\" data-vce-do-apply=\"border margin background  el-df872302\"><div class=\"vce-col-content\" data-vce-element-content=\"true\" data-vce-do-apply=\"padding el-df872302\"><\/div><\/div><\/div><\/div><\/div><\/div>\n","protected":false},"excerpt":{"rendered":"<p>HistoriqueLes hommes de science et les ing\u00e9nieurs, qui cherchaient \u00e0 prolonger la dur\u00e9e des mat\u00e9riaux ferreux, surtout dans les navires de mer, ont mis au point une protection anticorrosion par syst\u00e8me duplex. Cette technologie emp\u00eachait l&rsquo;ionisation (la rouille) par des rev\u00eatements, la galvanisation et le courant impos\u00e9. Elle visait essentiellement \u00e0 mettre un frein \u00e0 [&hellip;]<\/p>\n","protected":false},"author":0,"featured_media":0,"parent":0,"menu_order":0,"comment_status":"closed","ping_status":"closed","template":"","meta":{"footnotes":""},"class_list":["post-364","page","type-page","status-publish","hentry"],"_links":{"self":[{"href":"https:\/\/www.theautosaversystem.com\/fr\/wp-json\/wp\/v2\/pages\/364","targetHints":{"allow":["GET"]}}],"collection":[{"href":"https:\/\/www.theautosaversystem.com\/fr\/wp-json\/wp\/v2\/pages"}],"about":[{"href":"https:\/\/www.theautosaversystem.com\/fr\/wp-json\/wp\/v2\/types\/page"}],"replies":[{"embeddable":true,"href":"https:\/\/www.theautosaversystem.com\/fr\/wp-json\/wp\/v2\/comments?post=364"}],"version-history":[{"count":0,"href":"https:\/\/www.theautosaversystem.com\/fr\/wp-json\/wp\/v2\/pages\/364\/revisions"}],"wp:attachment":[{"href":"https:\/\/www.theautosaversystem.com\/fr\/wp-json\/wp\/v2\/media?parent=364"}],"curies":[{"name":"wp","href":"https:\/\/api.w.org\/{rel}","templated":true}]}}