{"id":365,"date":"2021-03-09T03:01:41","date_gmt":"2021-03-09T03:01:41","guid":{"rendered":"https:\/\/www.autosaversystem.com\/scientific-testing\/"},"modified":"2021-03-09T16:15:20","modified_gmt":"2021-03-09T21:15:20","slug":"scientific-testing","status":"publish","type":"page","link":"https:\/\/www.theautosaversystem.com\/fr\/scientific-testing\/","title":{"rendered":""},"content":{"rendered":"<div class=\"vce-row-container\"><div class=\"vce-row vce-row--col-gap-30 vce-row-equal-height vce-row-content--middle\" data-vce-full-width=\"true\" data-vce-stretch-content=\"true\" id=\"el-f0a6a279\" data-vce-do-apply=\"all el-f0a6a279\"><div class=\"vce-content-background-container\"><\/div><div class=\"vce-row-content\" data-vce-element-content=\"true\"><div class=\"vce-col vce-col--xs-17-74p vce-col--all-first\" id=\"el-d40cbdbc\"><div class=\"vce-col-inner\" data-vce-do-apply=\"border margin background  el-d40cbdbc\"><div class=\"vce-col-content\" data-vce-element-content=\"true\" data-vce-do-apply=\"padding el-d40cbdbc\"><\/div><\/div><\/div><div class=\"vce-col vce-col--xs-39-36p\" id=\"el-2bebec6a\"><div class=\"vce-col-inner\" data-vce-do-apply=\"border margin background  el-2bebec6a\"><div class=\"vce-col-content\" data-vce-element-content=\"true\" data-vce-do-apply=\"padding el-2bebec6a\"><div class=\"vce-text-block\"><div class=\"vce-text-block-wrapper vce\" id=\"el-b2cf3ad7\" data-vce-do-apply=\"all el-b2cf3ad7\"><h2 class=\"p1\" style=\"margin-bottom: 0px; font-variant-numeric: normal; font-variant-east-asian: normal; font-stretch: normal; font-size: 35px; line-height: normal; font-family: Oswald; color: #010516;\"><span style=\"color: #01061c; font-family: Oswald;\"><span style=\"font-size: 35px;\"><strong>Essais scientifiques<\/strong><\/span><\/span><\/h2><\/div><\/div><\/div><\/div><\/div><div class=\"vce-col vce-col--xs-26-22p\" id=\"el-935c6a1c\"><div class=\"vce-col-inner\" data-vce-do-apply=\"border margin background  el-935c6a1c\"><div class=\"vce-col-content\" data-vce-element-content=\"true\" data-vce-do-apply=\"padding el-935c6a1c\"><\/div><\/div><\/div><div class=\"vce-col vce-col--xs-16-66p vce-col--all-last\" id=\"el-c6682925\"><div class=\"vce-col-inner\" data-vce-do-apply=\"border margin background  el-c6682925\"><div class=\"vce-col-content\" data-vce-element-content=\"true\" data-vce-do-apply=\"padding el-c6682925\"><\/div><\/div><\/div><\/div><\/div><\/div><div class=\"vce-row-container\"><div class=\"vce-row vce-row--col-gap-30 vce-row-content--top vcv-state--show-resizer\" data-vce-full-width=\"true\" data-vce-stretch-content=\"true\" id=\"el-11a832e1\" data-vce-do-apply=\"all el-11a832e1\"><div class=\"vce-content-background-container\"><\/div><div class=\"vce-row-content\" data-vce-element-content=\"true\"><div class=\"vce-col vce-col--xs-hide vce-col--xs-first vce-col--sm-hide vce-col--sm-first vce-col--md-10p vce-col--md-visible vce-col--md-first vce-col--lg-10p vce-col--lg-visible vce-col--lg-first vce-col--xl-15p vce-col--xl-visible vce-col--xl-first\" id=\"el-e1d44d10\"><div class=\"vce-col-inner\" data-vce-do-apply=\"border margin background  el-e1d44d10\"><div class=\"vce-col-content\" data-vce-element-content=\"true\" data-vce-do-apply=\"padding el-e1d44d10\"><\/div><\/div><\/div><div class=\"vce-col vce-col--xs-100p vce-col--xs-visible vce-col--xs-last vce-col--sm-100p vce-col--sm-visible vce-col--sm-last vce-col--md-80p vce-col--md-visible vce-col--lg-80p vce-col--lg-visible vce-col--xl-68-02p vce-col--xl-visible\" id=\"el-8fa51f95\"><div class=\"vce-col-inner\" data-vce-do-apply=\"border margin background  el-8fa51f95\"><div class=\"vce-col-content\" data-vce-element-content=\"true\" data-vce-do-apply=\"padding el-8fa51f95\"><div class=\"vce-text-block\"><div class=\"vce-text-block-wrapper vce\" id=\"el-7f7e3d35\" data-vce-do-apply=\"all el-7f7e3d35\"><p><span style=\"font-size: medium;\">E<\/span>n plus d'\u00eatre le premier syst\u00e8me de protection \u00e9lectronique brevet\u00e9 sp\u00e9cifiquement pour application sur des v\u00e9hicules, le Syst\u00e8me Auto Saver a \u00e9t\u00e9 test\u00e9 rigoureusement et \u00e0 maintes reprises au fil des ans. Essai apr\u00e8s essai, les r\u00e9sultats montrent clairement que le syst\u00e8me Auto Saver r\u00e9duit le processus de corrosion naturel qui survient dans les composants m\u00e9talliques des automobiles.<\/p><\/div><\/div><div class=\"vce-row-container\" data-vce-boxed-width=\"true\"><div class=\"vce-row vce-row--col-gap-30 vce-row-equal-height vce-row-content--middle\" id=\"el-be72d066\" data-vce-do-apply=\"all el-be72d066\"><div class=\"vce-row-content\" data-vce-element-content=\"true\"><div class=\"vce-col vce-col--md-auto vce-col--xs-1 vce-col--xs-last vce-col--xs-first vce-col--sm-last vce-col--sm-first vce-col--md-first vce-col--lg-first vce-col--xl-first\" id=\"el-4869075c\"><div class=\"vce-col-inner\" data-vce-do-apply=\"border margin background  el-4869075c\"><div class=\"vce-col-content\" data-vce-element-content=\"true\" data-vce-do-apply=\"padding el-4869075c\"><div class=\"vce-single-image-container vce-single-image--align-center\"><div class=\"vce vce-single-image-wrapper\" id=\"el-e768a31c\" data-vce-do-apply=\"all el-e768a31c\"><figure><div class=\"vce-single-image-inner vce-single-image--absolute\" style=\"padding-bottom: 28.7081%; width: 209px;\"><img loading=\"lazy\" decoding=\"async\" class=\"vce-single-image\" width=\"209\" height=\"60\" src=\"https:\/\/www.theautosaversystem.com\/wp-content\/uploads\/2021\/03\/its-1-209x60.jpg\" srcset=\"https:\/\/www.theautosaversystem.com\/wp-content\/uploads\/2021\/03\/its-1-209x60.jpg 209w\" data-img-src=\"https:\/\/www.theautosaversystem.com\/wp-content\/uploads\/2021\/02\/its-1.jpg\" alt=\"\" title=\"its\" \/><\/div><figcaption hidden=\"\"><\/figcaption><\/figure><\/div><\/div><\/div><\/div><\/div><div class=\"vce-col vce-col--md-auto vce-col--xs-1 vce-col--xs-last vce-col--xs-first vce-col--sm-last vce-col--sm-first vce-col--md-last vce-col--lg-last vce-col--xl-last\" id=\"el-62d48ba5\"><div class=\"vce-col-inner\" data-vce-do-apply=\"border margin background  el-62d48ba5\"><div class=\"vce-col-content\" data-vce-element-content=\"true\" data-vce-do-apply=\"padding el-62d48ba5\"><div class=\"vce-single-image-container vce-single-image--align-center\"><div class=\"vce vce-single-image-wrapper\" id=\"el-aacea0fa\" data-vce-do-apply=\"all el-aacea0fa\"><figure><div class=\"vce-single-image-inner vce-single-image--absolute\" style=\"padding-bottom: 72.2892%; width: 83px;\"><img loading=\"lazy\" decoding=\"async\" class=\"vce-single-image\" width=\"83\" height=\"60\" src=\"https:\/\/www.theautosaversystem.com\/wp-content\/uploads\/2021\/03\/mri-1-83x60.jpg\" srcset=\"https:\/\/www.theautosaversystem.com\/wp-content\/uploads\/2021\/03\/mri-1-83x60.jpg 83w\" data-img-src=\"https:\/\/www.theautosaversystem.com\/wp-content\/uploads\/2021\/02\/mri-1.jpg\" alt=\"\" title=\"mri\" \/><\/div><figcaption hidden=\"\"><\/figcaption><\/figure><\/div><\/div><\/div><\/div><\/div><\/div><\/div><\/div><div class=\"vce-text-block\"><div class=\"vce-text-block-wrapper vce\" id=\"el-5b780762\" data-vce-do-apply=\"all el-5b780762\"><h2>Rapports d'essais<\/h2>\n<ul>\n<li>Innovative Test Solutions, USA \u2013 Test Report ITS-05015-4<\/li>\n<li>Material Characterization Laboratories, USA \u2013 Test Report MCL-96201-1<\/li>\n<li>T\u00dcV \u00d6sterreich, Deutschstra\u00dfe \u2013 T\u00dcV Nr.:M\/EMV-98-194<\/li>\n<li>ACTS Testing Laboratories, USA \u2013 Technical Report 3B-00881<\/li>\n<li>Society of Automotive Engineers (SAE) \u2013 associated test results<\/li>\n<li>Innovative Test Solutions, USA - ASTM D-1654 Standard Test Method for Evaluation of Painted of Coated Specimens Subjected to Corrosive Environments - Test Report ITS-05015-1<\/li>\n<\/ul>\n<p>Le mat\u00e9riel et les instruments utilis\u00e9s pour les essais ont \u00e9t\u00e9 v\u00e9rifi\u00e9s et\/ou \u00e9talonn\u00e9s. Les certificats d'\u00e9talonnage se rattachent tous aux normes du Conseil national de recherches du Canada (CNRC) et\/ou du National Institute of Standards and Technology (NIST) des \u00c9tats-Unis et sont disponibles sur demande. ASTM B 117-94.<\/p><\/div><\/div><div class=\"vce-text-block\"><div class=\"vce-text-block-wrapper vce\" id=\"el-596e5f50\" data-vce-do-apply=\"all el-596e5f50\"><h2>D\u00e9p\u00f4ts<\/h2>\n<ul>\n<li>National Institute of Standards and Technology, USA (NIST) MRA<\/li>\n<li>The Standards Council of Canada &amp; National Research Council of Canada<\/li>\n<li>Department of Commerce Patent Ruling, USA<\/li>\n<li>Accompanying Material Safety &amp; Data Sheets (MSDS)<\/li>\n<li>Industry Canada Marketing Practices Branch<\/li>\n<li>ISO 9001 International Standards Organization test facility certification with Mutual Recognized Agreements in 91 countries<\/li>\n<li>OSHA, EPA, MSDS, UL, The Clean Air Act<\/li>\n<\/ul><\/div><\/div><\/div><\/div><\/div><div class=\"vce-col vce-col--xs-hide vce-col--xs-first vce-col--sm-hide vce-col--sm-first vce-col--md-10p vce-col--md-visible vce-col--md-last vce-col--lg-10p vce-col--lg-visible vce-col--lg-last vce-col--xl-16-98p vce-col--xl-visible vce-col--xl-last\" id=\"el-2cb637b1\"><div class=\"vce-col-inner\" data-vce-do-apply=\"border margin background  el-2cb637b1\"><div class=\"vce-col-content\" data-vce-element-content=\"true\" data-vce-do-apply=\"padding el-2cb637b1\"><\/div><\/div><\/div><\/div><\/div><\/div>\n","protected":false},"excerpt":{"rendered":"<p>Essais scientifiquesEn plus d&rsquo;\u00eatre le premier syst\u00e8me de protection \u00e9lectronique brevet\u00e9 sp\u00e9cifiquement pour application sur des v\u00e9hicules, le Syst\u00e8me Auto Saver a \u00e9t\u00e9 test\u00e9 rigoureusement et \u00e0 maintes reprises au fil des ans. Essai apr\u00e8s essai, les r\u00e9sultats montrent clairement que le syst\u00e8me Auto Saver r\u00e9duit le processus de corrosion naturel qui survient dans les [&hellip;]<\/p>\n","protected":false},"author":2,"featured_media":0,"parent":0,"menu_order":0,"comment_status":"closed","ping_status":"closed","template":"","meta":{"footnotes":""},"class_list":["post-365","page","type-page","status-publish","hentry"],"_links":{"self":[{"href":"https:\/\/www.theautosaversystem.com\/fr\/wp-json\/wp\/v2\/pages\/365","targetHints":{"allow":["GET"]}}],"collection":[{"href":"https:\/\/www.theautosaversystem.com\/fr\/wp-json\/wp\/v2\/pages"}],"about":[{"href":"https:\/\/www.theautosaversystem.com\/fr\/wp-json\/wp\/v2\/types\/page"}],"author":[{"embeddable":true,"href":"https:\/\/www.theautosaversystem.com\/fr\/wp-json\/wp\/v2\/users\/2"}],"replies":[{"embeddable":true,"href":"https:\/\/www.theautosaversystem.com\/fr\/wp-json\/wp\/v2\/comments?post=365"}],"version-history":[{"count":0,"href":"https:\/\/www.theautosaversystem.com\/fr\/wp-json\/wp\/v2\/pages\/365\/revisions"}],"wp:attachment":[{"href":"https:\/\/www.theautosaversystem.com\/fr\/wp-json\/wp\/v2\/media?parent=365"}],"curies":[{"name":"wp","href":"https:\/\/api.w.org\/{rel}","templated":true}]}}