{"id":366,"date":"2021-03-09T03:01:26","date_gmt":"2021-03-09T03:01:26","guid":{"rendered":"https:\/\/www.autosaversystem.com\/home\/"},"modified":"2021-03-09T16:28:55","modified_gmt":"2021-03-09T21:28:55","slug":"accueil","status":"publish","type":"page","link":"https:\/\/www.theautosaversystem.com\/fr\/","title":{"rendered":""},"content":{"rendered":"<div class=\"vce-row-container\"><div class=\"vce-row vce-row--col-gap-30 vce-row-content--top\" data-vce-full-width=\"true\" data-vce-stretch-content=\"true\" id=\"el-5c1788c6\" data-vce-do-apply=\"all el-5c1788c6\"><div class=\"vce-content-background-container\"><\/div><div class=\"vce-row-content\" data-vce-element-content=\"true\"><div class=\"vce-col vce-col--xs-100p vce-col--xs-visible vce-col--xs-last vce-col--xs-first vce-col--sm-100p vce-col--sm-visible vce-col--sm-last vce-col--sm-first vce-col--md-16-66p vce-col--md-visible vce-col--md-first vce-col--lg-16-66p vce-col--lg-visible vce-col--lg-first vce-col--xl-16-66p vce-col--xl-visible vce-col--xl-first\" id=\"el-23737922\"><div class=\"vce-col-inner\" data-vce-do-apply=\"border margin background  el-23737922\"><div class=\"vce-col-content\" data-vce-element-content=\"true\" data-vce-do-apply=\"padding el-23737922\"><\/div><\/div><\/div><div class=\"vce-col vce-col--xs-100p vce-col--xs-visible vce-col--xs-last vce-col--xs-first vce-col--sm-100p vce-col--sm-visible vce-col--sm-last vce-col--sm-first vce-col--md-66-66p vce-col--md-visible vce-col--lg-66-66p vce-col--lg-visible vce-col--xl-66-66p vce-col--xl-visible\" id=\"el-af02ab3e\"><div class=\"vce-col-inner\" data-vce-do-apply=\"border margin background  el-af02ab3e\"><div class=\"vce-col-content\" data-vce-element-content=\"true\" data-vce-do-apply=\"padding el-af02ab3e\"><div class=\"vce-row-container\" data-vce-boxed-width=\"true\"><div class=\"vce-row vce-row--col-gap-30 vce-row-equal-height vce-row-content--top\" id=\"el-0648fa11\" data-vce-do-apply=\"all el-0648fa11\"><div class=\"vce-row-content\" data-vce-element-content=\"true\"><div class=\"vce-col vce-col--md-100p vce-col--xs-1 vce-col--xs-last vce-col--xs-first vce-col--sm-last vce-col--sm-first vce-col--md-last vce-col--lg-last vce-col--xl-last vce-col--md-first vce-col--lg-first vce-col--xl-first\" id=\"el-c2b4749f\"><div class=\"vce-col-inner\" data-vce-do-apply=\"border margin background  el-c2b4749f\"><div class=\"vce-col-content\" data-vce-element-content=\"true\" data-vce-do-apply=\"padding el-c2b4749f\"><div class=\"vce-text-block\"><div class=\"vce-text-block-wrapper vce\" id=\"el-828f7a16\" data-vce-do-apply=\"all el-828f7a16\"><h2>Lorsque l\u2019acier est expos\u00e9 \u00e0 l\u2019humidit\u00e9, un processus d\u2019ionisation s\u2019amorce imm\u00e9diatement.<\/h2>\n<p>Cette r\u00e9action \u00e9lectrochimique n\u00e9faste provoque la perte d\u2019\u00e9lectrons de la surface m\u00e9tallique et, si celle-ci n\u2019est pas trait\u00e9e, le ph\u00e9nom\u00e8ne se poursuivra jusqu\u2019\u00e0 ce que tout le m\u00e9tal ait retrouv\u00e9 son \u00e9tat d\u2019origine.<\/p><\/div><\/div><div class=\"vce-text-block\"><div class=\"vce-text-block-wrapper vce\" id=\"el-fad0f885\" data-vce-do-apply=\"all el-fad0f885\"><h2>Le dispositif \u00e9lectronique anticorrosion Auto Saver fournit une protection par courant \u00e0 impulsion impos\u00e9 qui ralentit le processus de corrosion naturel.<\/h2>\n<p>Un flux d\u2019\u00e9lectrons parcourt le m\u00e9tal du v\u00e9hicule, formant un bouclier invisible. Son installation aidera \u00e0 pr\u00e9server l\u2019aspect neuf de votre v\u00e9hicule pendant plusieurs ann\u00e9es, ce qui se traduira par une valeur de reprise \u00e0 la hausse.<\/p><\/div><\/div><div class=\"vce-text-block\"><div class=\"vce-text-block-wrapper vce\" id=\"el-91d81818\" data-vce-do-apply=\"all el-91d81818\"><h2>La protection \u00e9lectronique contre la corrosion est<\/h2>\n<p><span style=\"color: #008000; font-weight: bold; font-style: normal;\">\u00e9cologique<\/span> ,<span style=\"font-weight: bold; font-style: normal;\"> test\u00e9 scientifiquement<\/span> , et ralentira le processus de corrosion naturelle de votre automobile lorsqu'elle est install\u00e9e professionnellement par un concessionnaire participant.<\/p><\/div><\/div><\/div><\/div><\/div><\/div><\/div><\/div><\/div><\/div><\/div><div class=\"vce-col vce-col--xs-100p vce-col--xs-visible vce-col--xs-last vce-col--xs-first vce-col--sm-100p vce-col--sm-visible vce-col--sm-last vce-col--sm-first vce-col--md-16-66p vce-col--md-visible vce-col--md-last vce-col--lg-16-66p vce-col--lg-visible vce-col--lg-last vce-col--xl-16-66p vce-col--xl-visible vce-col--xl-last\" id=\"el-a85b1808\"><div class=\"vce-col-inner\" data-vce-do-apply=\"border margin background  el-a85b1808\"><div class=\"vce-col-content\" data-vce-element-content=\"true\" data-vce-do-apply=\"padding el-a85b1808\"><\/div><\/div><\/div><\/div><\/div><\/div>\n","protected":false},"excerpt":{"rendered":"<p>Lorsque l\u2019acier est expos\u00e9 \u00e0 l\u2019humidit\u00e9, un processus d\u2019ionisation s\u2019amorce imm\u00e9diatement. Cette r\u00e9action \u00e9lectrochimique n\u00e9faste provoque la perte d\u2019\u00e9lectrons de la surface m\u00e9tallique et, si celle-ci n\u2019est pas trait\u00e9e, le ph\u00e9nom\u00e8ne se poursuivra jusqu\u2019\u00e0 ce que tout le m\u00e9tal ait retrouv\u00e9 son \u00e9tat d\u2019origine.Le dispositif \u00e9lectronique anticorrosion Auto Saver fournit une protection par courant \u00e0 [&hellip;]<\/p>\n","protected":false},"author":0,"featured_media":0,"parent":0,"menu_order":0,"comment_status":"closed","ping_status":"closed","template":"","meta":{"footnotes":""},"class_list":["post-366","page","type-page","status-publish","hentry"],"_links":{"self":[{"href":"https:\/\/www.theautosaversystem.com\/fr\/wp-json\/wp\/v2\/pages\/366","targetHints":{"allow":["GET"]}}],"collection":[{"href":"https:\/\/www.theautosaversystem.com\/fr\/wp-json\/wp\/v2\/pages"}],"about":[{"href":"https:\/\/www.theautosaversystem.com\/fr\/wp-json\/wp\/v2\/types\/page"}],"replies":[{"embeddable":true,"href":"https:\/\/www.theautosaversystem.com\/fr\/wp-json\/wp\/v2\/comments?post=366"}],"version-history":[{"count":0,"href":"https:\/\/www.theautosaversystem.com\/fr\/wp-json\/wp\/v2\/pages\/366\/revisions"}],"wp:attachment":[{"href":"https:\/\/www.theautosaversystem.com\/fr\/wp-json\/wp\/v2\/media?parent=366"}],"curies":[{"name":"wp","href":"https:\/\/api.w.org\/{rel}","templated":true}]}}